{"id":15,"date":"2014-09-07T15:22:49","date_gmt":"2014-09-07T14:22:49","guid":{"rendered":"http:\/\/macpulsrl.it\/?page_id=15"},"modified":"2014-11-17T12:14:24","modified_gmt":"2014-11-17T11:14:24","slug":"assistenza-tecnica","status":"publish","type":"page","link":"http:\/\/macpulsrl.it\/?page_id=15","title":{"rendered":"ASSISTENZA TECNICA"},"content":{"rendered":"<p><strong>MAC PUL <\/strong><br \/>\n<strong>ESCLUSIVISTA SICILIA<br \/>\nIMPIANTI AUTOLAVAGGIO CHRIST <span style=\"color: #ffffff;\"><strong>CONCESSIONARIO<\/strong><\/span><br \/>\n<\/strong><\/p>\n<h3>Assistenza clienti<br \/>\n<strong>Tel.: 095.809147 Fax: 095.809784<\/strong><\/h3>\n<div class=\"panel-body\">\n<div class=\"panel-body-page\">\n<div id=\"c7018\" class=\"csc-default\">\n<div class=\"csc-header csc-header-n1\">\n<h1 class=\"csc-firstHeader\">Servizio assistenza Christ<\/h1>\n<\/div>\n<p class=\"bodytext\">La nostra struttura di servizio \u00e8 su misura per le vostre esigenze come gestore dell&#8217;impianto. Niente \u00e8 pi\u00f9 importante per porre rimedio alle disfunzioni che si verificano, rapidamente, con competenza ed a prezzi ragionevoli.<\/p>\n<p class=\"bodytext\"><a href=\"http:\/\/www.christ-ag.com\/cms\/prodotti\/impianti-di-lavaggi-a-portale\/genius\/?L=16\" target=\"_blank\"><img loading=\"lazy\" decoding=\"async\" class=\"alignnone wp-image-40\" src=\"http:\/\/macpulsrl.it\/wp-content\/uploads\/2014\/09\/logo_christ.png\" alt=\"logo_christ\" width=\"267\" height=\"80\" \/><\/a><\/p>\n<\/div>\n<\/div>\n<\/div>\n","protected":false},"excerpt":{"rendered":"<p>MAC PUL ESCLUSIVISTA SICILIA IMPIANTI AUTOLAVAGGIO CHRIST CONCESSIONARIO Assistenza clienti Tel.: 095.809147 Fax: 095.809784 Servizio assistenza Christ La nostra struttura di servizio \u00e8 su misura per le vostre esigenze come gestore dell&#8217;impianto. Niente \u00e8 pi\u00f9 importante per porre rimedio alle disfunzioni che si verificano, rapidamente, con competenza ed a prezzi ragionevoli.<\/p>\n","protected":false},"author":1,"featured_media":0,"parent":0,"menu_order":6,"comment_status":"closed","ping_status":"closed","template":"","meta":{"footnotes":""},"class_list":["post-15","page","type-page","status-publish","hentry"],"_links":{"self":[{"href":"http:\/\/macpulsrl.it\/index.php?rest_route=\/wp\/v2\/pages\/15","targetHints":{"allow":["GET"]}}],"collection":[{"href":"http:\/\/macpulsrl.it\/index.php?rest_route=\/wp\/v2\/pages"}],"about":[{"href":"http:\/\/macpulsrl.it\/index.php?rest_route=\/wp\/v2\/types\/page"}],"author":[{"embeddable":true,"href":"http:\/\/macpulsrl.it\/index.php?rest_route=\/wp\/v2\/users\/1"}],"replies":[{"embeddable":true,"href":"http:\/\/macpulsrl.it\/index.php?rest_route=%2Fwp%2Fv2%2Fcomments&post=15"}],"version-history":[{"count":9,"href":"http:\/\/macpulsrl.it\/index.php?rest_route=\/wp\/v2\/pages\/15\/revisions"}],"predecessor-version":[{"id":65,"href":"http:\/\/macpulsrl.it\/index.php?rest_route=\/wp\/v2\/pages\/15\/revisions\/65"}],"wp:attachment":[{"href":"http:\/\/macpulsrl.it\/index.php?rest_route=%2Fwp%2Fv2%2Fmedia&parent=15"}],"curies":[{"name":"wp","href":"https:\/\/api.w.org\/{rel}","templated":true}]}}